{"id":1724,"date":"2025-01-22T11:41:08","date_gmt":"2025-01-22T14:41:08","guid":{"rendered":"https:\/\/negojunior.com.br\/box\/frarom_ZPMDk3L0Yv\/?page_id=1724"},"modified":"2025-01-26T19:51:52","modified_gmt":"2025-01-26T22:51:52","slug":"consultoria-especializada","status":"publish","type":"page","link":"https:\/\/negojunior.com.br\/box\/frarom_ZPMDk3L0Yv\/consultoria-especializada\/","title":{"rendered":"Consultoria especializada"},"content":{"rendered":"<div class=\"wpb-content-wrapper\"><p>[vc_row full_width=&#8221;stretch_row&#8221;][vc_column width=&#8221;1\/2&#8243;]<div id=\"cz_63604\" class=\"cz_63604 cz_title clr cz_mobile_text_center cz_title_pos_inline\"><div class=\"cz_title_content\"><div class=\"cz_wpe_content\"><p><span style=\"color: #ff0f00;\">ALTO N\u00cdVEL PROFISSIONAL<\/span><\/p>\n<h2>Expertise T\u00e9cnica<\/h2>\n<\/div><\/div><\/div><div id=\"cz_44618\" class=\"cz_44618 cz_title clr cz_mobile_text_center cz_title_pos_inline\"><div class=\"cz_title_content\"><div class=\"cz_wpe_content\"><p>A nossa equipe \u00e9 composta por profissionais de alto n\u00edvel, experientes em aquisi\u00e7\u00f5es e forma\u00e7\u00f5es de \u00e1reas para incorpora\u00e7\u00e3o imobili\u00e1ria, tanto residencial quanto comercial. Atendemos empresas com perfil de renda e investidores, oferecendo um servi\u00e7o completo e especializado.<\/p>\n<p>Realizamos an\u00e1lises diagn\u00f3sticas de viabilidade com uma equipe multidisciplinar que inclui arquitetos, engenheiros e advogados especializados em todas as etapas da edifica\u00e7\u00e3o imobili\u00e1ria. Nossa expertise no mercado de incorpora\u00e7\u00e3o imobili\u00e1ria nos permite prever as dire\u00e7\u00f5es do mercado, proporcionando uma vantagem estrat\u00e9gica aos nossos clientes.<\/p>\n<p>Com uma vasta expertise t\u00e9cnica, oferecemos um acompanhamento personalizado durante todas as etapas do processo. Nosso foco est\u00e1 nas necessidades tanto dos compradores quanto dos vendedores, permitindo-nos desenvolver estrat\u00e9gias sob medida e apresentar solu\u00e7\u00f5es espec\u00edficas para cada neg\u00f3cio. Independentemente do tamanho ou da complexidade, estamos preparados para enfrentar desafios e encontrar as melhores oportunidades para nossos clientes.<\/p>\n<\/div><\/div><\/div><ul id=\"cz_40786\" class=\"cz_40786 cz_stylish_list clr cz_sl_icon_hover_zoom_in\"><li class=\"clr\"><div class=\"cz_sl_icon\"><i class=\"fa czico-074-tick-inside-circle mr10\" ><\/i><\/div><div><span>An\u00e1lise de Viabilidade Econ\u00f4mica e Financeira<small>Avalia\u00e7\u00e3o do potencial de retorno sobre investimento<\/small><\/span><\/div><\/li><li class=\"clr\"><div class=\"cz_sl_icon\"><i class=\"fa czico-074-tick-inside-circle mr10\" ><\/i><\/div><div><span>Estudo de Mercado e Demanda<small>Pesquisa sobre tend\u00eancias de mercado e prefer\u00eancias dos consumidores<\/small><\/span><\/div><\/li><li class=\"clr\"><div class=\"cz_sl_icon\"><i class=\"fa czico-074-tick-inside-circle mr10\" ><\/i><\/div><div><span>Riscos Legais e Regulat\u00f3rios<small>Conformidade com as leis e regulamentos de zoneamento e constru\u00e7\u00e3o<\/small><\/span><\/div><\/li><\/ul>[\/vc_column][vc_column width=&#8221;1\/2&#8243; offset=&#8221;vc_hidden-sm vc_hidden-xs&#8221;]<div id=\"cz_106619\" class=\"cz_106619 cz_image clr cz_image_no_fx center_on_mobile\"><div class=\"cz_svg_bg\" ><div class=\"cz_image_in\" data-tilt><div class=\"cz_main_image\"><img decoding=\"async\" width=\"1080\" height=\"1080\" src=\"data:image\/svg+xml,%3Csvg%20xmlns%3D&#39;http%3A%2F%2Fwww.w3.org%2F2000%2Fsvg&#39;%20width=&#39;1080&#39;%20height=&#39;1080&#39;%20viewBox%3D&#39;0%200%201080%201080&#39;%2F%3E\" data-czlz data-src=\"https:\/\/negojunior.com.br\/box\/frarom_ZPMDk3L0Yv\/wp-content\/uploads\/2025\/01\/pexels-mauricio-bertoni-168236998-11568646_1080x1080_.jpg\" class=\"attachment-full\" alt=\"\" title=\"pexels-mauricio-bertoni-168236998-11568646_1080x1080_\" data-srcset=\"https:\/\/negojunior.com.br\/box\/frarom_ZPMDk3L0Yv\/wp-content\/uploads\/2025\/01\/pexels-mauricio-bertoni-168236998-11568646_1080x1080_.jpg 1080w, https:\/\/negojunior.com.br\/box\/frarom_ZPMDk3L0Yv\/wp-content\/uploads\/2025\/01\/pexels-mauricio-bertoni-168236998-11568646_1080x1080_-300x300.jpg 300w, https:\/\/negojunior.com.br\/box\/frarom_ZPMDk3L0Yv\/wp-content\/uploads\/2025\/01\/pexels-mauricio-bertoni-168236998-11568646_1080x1080_-1024x1024.jpg 1024w, https:\/\/negojunior.com.br\/box\/frarom_ZPMDk3L0Yv\/wp-content\/uploads\/2025\/01\/pexels-mauricio-bertoni-168236998-11568646_1080x1080_-150x150.jpg 150w, https:\/\/negojunior.com.br\/box\/frarom_ZPMDk3L0Yv\/wp-content\/uploads\/2025\/01\/pexels-mauricio-bertoni-168236998-11568646_1080x1080_-768x768.jpg 768w, https:\/\/negojunior.com.br\/box\/frarom_ZPMDk3L0Yv\/wp-content\/uploads\/2025\/01\/pexels-mauricio-bertoni-168236998-11568646_1080x1080_-600x600.jpg 600w\" data-sizes=\"(max-width: 1080px) 100vw, 1080px\" \/><\/div><\/div><\/div><\/div>[\/vc_column][\/vc_row][vc_row][vc_column]<div class=\"cz_gap clr  hide_on_mobile\" style=\"height: 150px\"><\/div><div class=\"cz_gap show_on_mobile clr\" style=\"height: 20px\"><\/div>[\/vc_column][\/vc_row][vc_row full_width=&#8221;stretch_row&#8221; disable_element=&#8221;yes&#8221; css=&#8221;.vc_custom_1737835591449{background-image: url(https:\/\/negojunior.com.br\/box\/frarom_ZPMDk3L0Yv\/wp-content\/uploads\/sites\/133\/2021\/10\/bg1.jpg?id=1499) !important;background-position: center !important;background-repeat: no-repeat !important;background-size: cover !important;}&#8221;][vc_column]<div class=\"cz_gap clr  hide_on_mobile\" style=\"height: 120px\"><\/div><div class=\"cz_gap show_on_mobile clr\" style=\"height: 50px\"><\/div><div id=\"cz_106473\" class=\"cz_106473 cz_title clr cz_title_pos_inline tac\"><div class=\"cz_title_content\"><div class=\"cz_wpe_content\"><p style=\"text-align: center;\"><span style=\"color: #ff0f00;\">OUR RESULTS<br \/>\n<\/span><\/p>\n<h2 style=\"text-align: center;\"><span style=\"color: #ffffff;\">What We Did?<\/span><\/h2>\n<\/div><\/div><\/div><div class=\"cz_gap clr  hide_on_mobile\" style=\"height: 80px\"><\/div><div class=\"cz_gap show_on_mobile clr\" style=\"height: 40px\"><\/div>[vc_row_inner][vc_column_inner width=&#8221;1\/4&#8243;]<div id=\"cz_82098\" data-disable-comma=\"\" data-duration=\"3000\" data-delay=\"0000\" class=\"cz_82098 cz_counter clr tac cz_2rows\"><div class=\"\"><span class=\"cz_counter_num_wrap\"><span class=\"cz_counter_num\">23<\/span><i>+<\/i><\/span><span class=\"cz_counter_after\">Years of Experience<\/span><\/div><\/div>[\/vc_column_inner][vc_column_inner width=&#8221;1\/4&#8243;]<div id=\"cz_95196\" data-disable-comma=\"\" data-duration=\"3000\" data-delay=\"0000\" class=\"cz_95196 cz_counter clr tac cz_2rows\"><div class=\"\"><span class=\"cz_counter_num_wrap\"><span class=\"cz_counter_num\">150<\/span><i>+<\/i><\/span><span class=\"cz_counter_after\">Expert Engineers<\/span><\/div><\/div>[\/vc_column_inner][vc_column_inner width=&#8221;1\/4&#8243;]<div id=\"cz_25255\" data-disable-comma=\"\" data-duration=\"3000\" data-delay=\"0000\" class=\"cz_25255 cz_counter clr tac cz_2rows\"><div class=\"\"><span class=\"cz_counter_num_wrap\"><span class=\"cz_counter_num\">96<\/span><\/span><span class=\"cz_counter_after\">Branches in World<\/span><\/div><\/div>[\/vc_column_inner][vc_column_inner width=&#8221;1\/4&#8243;]<div id=\"cz_26589\" data-disable-comma=\"\" data-duration=\"3000\" data-delay=\"0000\" class=\"cz_26589 cz_counter clr tac cz_2rows\"><div class=\"\"><span class=\"cz_counter_num_wrap\"><span class=\"cz_counter_num\">3<\/span><i>k<\/i><\/span><span class=\"cz_counter_after\">Projects Done<\/span><\/div><\/div>[\/vc_column_inner][\/vc_row_inner]<div class=\"cz_gap clr  hide_on_mobile\" style=\"height: 220px\"><\/div><div class=\"cz_gap show_on_mobile clr\" style=\"height: 170px\"><\/div>[\/vc_column][\/vc_row]<\/p>\n<\/div>","protected":false},"excerpt":{"rendered":"<p>[vc_row full_width=&#8221;stretch_row&#8221;][vc_column width=&#8221;1\/2&#8243;][\/vc_column][vc_column width=&#8221;1\/2&#8243; offset=&#8221;vc_hidden-sm vc_hidden-xs&#8221;][\/vc_column][\/vc_row][vc_row][vc_column][\/vc_column][\/vc_row][vc_row full_width=&#8221;stretch_row&#8221; disable_element=&#8221;yes&#8221; css=&#8221;.vc_custom_1737835591449{background-image: url(https:\/\/negojunior.com.br\/box\/frarom_ZPMDk3L0Yv\/wp-content\/uploads\/sites\/133\/2021\/10\/bg1.jpg?id=1499) !important;background-position: &#8230; <\/p>\n","protected":false},"author":1,"featured_media":0,"parent":0,"menu_order":0,"comment_status":"closed","ping_status":"closed","template":"","meta":{"footnotes":""},"class_list":["post-1724","page","type-page","status-publish","hentry"],"_links":{"self":[{"href":"https:\/\/negojunior.com.br\/box\/frarom_ZPMDk3L0Yv\/wp-json\/wp\/v2\/pages\/1724","targetHints":{"allow":["GET"]}}],"collection":[{"href":"https:\/\/negojunior.com.br\/box\/frarom_ZPMDk3L0Yv\/wp-json\/wp\/v2\/pages"}],"about":[{"href":"https:\/\/negojunior.com.br\/box\/frarom_ZPMDk3L0Yv\/wp-json\/wp\/v2\/types\/page"}],"author":[{"embeddable":true,"href":"https:\/\/negojunior.com.br\/box\/frarom_ZPMDk3L0Yv\/wp-json\/wp\/v2\/users\/1"}],"replies":[{"embeddable":true,"href":"https:\/\/negojunior.com.br\/box\/frarom_ZPMDk3L0Yv\/wp-json\/wp\/v2\/comments?post=1724"}],"version-history":[{"count":9,"href":"https:\/\/negojunior.com.br\/box\/frarom_ZPMDk3L0Yv\/wp-json\/wp\/v2\/pages\/1724\/revisions"}],"predecessor-version":[{"id":1783,"href":"https:\/\/negojunior.com.br\/box\/frarom_ZPMDk3L0Yv\/wp-json\/wp\/v2\/pages\/1724\/revisions\/1783"}],"wp:attachment":[{"href":"https:\/\/negojunior.com.br\/box\/frarom_ZPMDk3L0Yv\/wp-json\/wp\/v2\/media?parent=1724"}],"curies":[{"name":"wp","href":"https:\/\/api.w.org\/{rel}","templated":true}]}}