{"id":1723,"date":"2025-01-22T11:40:43","date_gmt":"2025-01-22T14:40:43","guid":{"rendered":"https:\/\/negojunior.com.br\/box\/frarom_ZPMDk3L0Yv\/?page_id=1723"},"modified":"2025-01-26T19:51:16","modified_gmt":"2025-01-26T22:51:16","slug":"mercado-imobiliario","status":"publish","type":"page","link":"https:\/\/negojunior.com.br\/box\/frarom_ZPMDk3L0Yv\/mercado-imobiliario\/","title":{"rendered":"Mercado imobili\u00e1rio"},"content":{"rendered":"<div class=\"wpb-content-wrapper\"><p>[vc_row full_width=&#8221;stretch_row&#8221;][vc_column width=&#8221;1\/2&#8243;]<div id=\"cz_64774\" class=\"cz_64774 cz_title clr cz_mobile_text_center cz_title_pos_inline\"><div class=\"cz_title_content\"><div class=\"cz_wpe_content\"><p><span style=\"color: #ff0f00;\">DOM\u00cdNIO PLENO<\/span><\/p>\n<h2>dos processos imobili\u00e1rios<\/h2>\n<\/div><\/div><\/div><div id=\"cz_56182\" class=\"cz_56182 cz_title clr cz_mobile_text_center cz_title_pos_inline\"><div class=\"cz_title_content\"><div class=\"cz_wpe_content\"><p><strong>Processo de Incorpora\u00e7\u00e3o Imobili\u00e1ria:<\/strong><\/p>\n<ul>\n<li>Etapas de incorpora\u00e7\u00e3o.<\/li>\n<\/ul>\n<p><strong>Tend\u00eancias do Mercado Imobili\u00e1rio:<\/strong><\/p>\n<ul>\n<li>Impacto das mudan\u00e7as econ\u00f4micas no setor.<\/li>\n<li>Novas tecnologias e inova\u00e7\u00f5es em constru\u00e7\u00e3o.<\/li>\n<li>Prefer\u00eancias e comportamento do consumidor.<\/li>\n<\/ul>\n<p><strong>Sustentabilidade e Constru\u00e7\u00f5es Verdes:<\/strong><\/p>\n<ul>\n<li>Pr\u00e1ticas de constru\u00e7\u00e3o sustent\u00e1vel.<\/li>\n<li>Certifica\u00e7\u00f5es ambientais (LEED, BREEAM, etc.).<\/li>\n<li>Benef\u00edcios econ\u00f4micos e ambientais da sustentabilidade.<\/li>\n<\/ul>\n<p><strong>Planejamento Urbano e Zoneamento:<\/strong><\/p>\n<ul>\n<li>Regulamenta\u00e7\u00f5es de zoneamento e uso do solo.<\/li>\n<\/ul>\n<p><strong>Aspectos Jur\u00eddicos e Regulat\u00f3rios:<\/strong><\/p>\n<ul>\n<li>Contratos, escritura e registros.<\/li>\n<\/ul>\n<p><strong>Impacto Econ\u00f4mico e Social dos Projetos:<\/strong><\/p>\n<ul>\n<li>Cria\u00e7\u00e3o de empregos e gera\u00e7\u00e3o de renda.<\/li>\n<\/ul>\n<\/div><\/div><\/div>[\/vc_column][vc_column width=&#8221;1\/2&#8243; offset=&#8221;vc_hidden-sm vc_hidden-xs&#8221;]<div id=\"cz_32807\" class=\"cz_32807 cz_image clr cz_image_no_fx center_on_mobile\"><div class=\"cz_svg_bg\" ><div class=\"cz_image_in\" data-tilt><div class=\"cz_main_image\"><img decoding=\"async\" width=\"1080\" height=\"1080\" src=\"data:image\/svg+xml,%3Csvg%20xmlns%3D&#39;http%3A%2F%2Fwww.w3.org%2F2000%2Fsvg&#39;%20width=&#39;1080&#39;%20height=&#39;1080&#39;%20viewBox%3D&#39;0%200%201080%201080&#39;%2F%3E\" data-czlz data-src=\"https:\/\/negojunior.com.br\/box\/frarom_ZPMDk3L0Yv\/wp-content\/uploads\/2025\/01\/pexels-carlos-moura-10233523-18988140_1080x1080_.jpg\" class=\"attachment-full\" alt=\"\" title=\"pexels-carlos-moura-10233523-18988140_1080x1080_\" data-srcset=\"https:\/\/negojunior.com.br\/box\/frarom_ZPMDk3L0Yv\/wp-content\/uploads\/2025\/01\/pexels-carlos-moura-10233523-18988140_1080x1080_.jpg 1080w, https:\/\/negojunior.com.br\/box\/frarom_ZPMDk3L0Yv\/wp-content\/uploads\/2025\/01\/pexels-carlos-moura-10233523-18988140_1080x1080_-300x300.jpg 300w, https:\/\/negojunior.com.br\/box\/frarom_ZPMDk3L0Yv\/wp-content\/uploads\/2025\/01\/pexels-carlos-moura-10233523-18988140_1080x1080_-1024x1024.jpg 1024w, https:\/\/negojunior.com.br\/box\/frarom_ZPMDk3L0Yv\/wp-content\/uploads\/2025\/01\/pexels-carlos-moura-10233523-18988140_1080x1080_-150x150.jpg 150w, https:\/\/negojunior.com.br\/box\/frarom_ZPMDk3L0Yv\/wp-content\/uploads\/2025\/01\/pexels-carlos-moura-10233523-18988140_1080x1080_-768x768.jpg 768w, https:\/\/negojunior.com.br\/box\/frarom_ZPMDk3L0Yv\/wp-content\/uploads\/2025\/01\/pexels-carlos-moura-10233523-18988140_1080x1080_-600x600.jpg 600w\" data-sizes=\"(max-width: 1080px) 100vw, 1080px\" \/><\/div><\/div><\/div><\/div>[\/vc_column][\/vc_row][vc_row][vc_column]<div class=\"cz_gap clr  hide_on_mobile\" style=\"height: 150px\"><\/div><div class=\"cz_gap show_on_mobile clr\" style=\"height: 20px\"><\/div>[\/vc_column][\/vc_row]<\/p>\n<\/div>","protected":false},"excerpt":{"rendered":"<p>[vc_row full_width=&#8221;stretch_row&#8221;][vc_column width=&#8221;1\/2&#8243;][\/vc_column][vc_column width=&#8221;1\/2&#8243; offset=&#8221;vc_hidden-sm vc_hidden-xs&#8221;][\/vc_column][\/vc_row][vc_row][vc_column][\/vc_column][\/vc_row] &#8230; <\/p>\n","protected":false},"author":1,"featured_media":0,"parent":0,"menu_order":0,"comment_status":"closed","ping_status":"closed","template":"","meta":{"footnotes":""},"class_list":["post-1723","page","type-page","status-publish","hentry"],"_links":{"self":[{"href":"https:\/\/negojunior.com.br\/box\/frarom_ZPMDk3L0Yv\/wp-json\/wp\/v2\/pages\/1723","targetHints":{"allow":["GET"]}}],"collection":[{"href":"https:\/\/negojunior.com.br\/box\/frarom_ZPMDk3L0Yv\/wp-json\/wp\/v2\/pages"}],"about":[{"href":"https:\/\/negojunior.com.br\/box\/frarom_ZPMDk3L0Yv\/wp-json\/wp\/v2\/types\/page"}],"author":[{"embeddable":true,"href":"https:\/\/negojunior.com.br\/box\/frarom_ZPMDk3L0Yv\/wp-json\/wp\/v2\/users\/1"}],"replies":[{"embeddable":true,"href":"https:\/\/negojunior.com.br\/box\/frarom_ZPMDk3L0Yv\/wp-json\/wp\/v2\/comments?post=1723"}],"version-history":[{"count":6,"href":"https:\/\/negojunior.com.br\/box\/frarom_ZPMDk3L0Yv\/wp-json\/wp\/v2\/pages\/1723\/revisions"}],"predecessor-version":[{"id":1782,"href":"https:\/\/negojunior.com.br\/box\/frarom_ZPMDk3L0Yv\/wp-json\/wp\/v2\/pages\/1723\/revisions\/1782"}],"wp:attachment":[{"href":"https:\/\/negojunior.com.br\/box\/frarom_ZPMDk3L0Yv\/wp-json\/wp\/v2\/media?parent=1723"}],"curies":[{"name":"wp","href":"https:\/\/api.w.org\/{rel}","templated":true}]}}