{"id":1588,"date":"2024-06-29T11:11:20","date_gmt":"2024-06-29T11:11:20","guid":{"rendered":"http:\/\/xtratheme.com\/default\/?page_id=7"},"modified":"2025-02-07T17:20:38","modified_gmt":"2025-02-07T20:20:38","slug":"sobre-nos","status":"publish","type":"page","link":"https:\/\/negojunior.com.br\/box\/frarom_ZPMDk3L0Yv\/sobre-nos\/","title":{"rendered":"Sobre n\u00f3s"},"content":{"rendered":"<div class=\"wpb-content-wrapper\"><p>[vc_row full_width=&#8221;stretch_row&#8221;][vc_column width=&#8221;1\/2&#8243;]<div id=\"cz_20191\" class=\"cz_20191 cz_title clr cz_mobile_text_center cz_title_pos_inline\"><div class=\"cz_title_content\"><div class=\"cz_wpe_content\"><p><span style=\"color: #ff0f00;\">SOBRE A FRAROM<\/span><\/p>\n<h2>Conhe\u00e7a<\/h2>\n<\/div><\/div><\/div><div id=\"cz_25814\" class=\"cz_25814 cz_title clr cz_mobile_text_center cz_title_pos_inline\"><div class=\"cz_title_content\"><div class=\"cz_wpe_content\"><p>Nosso foco est\u00e1 na prospec\u00e7\u00e3o, execu\u00e7\u00e3o, elabora\u00e7\u00e3o e desenvolvimento de projetos imobili\u00e1rios. Estudamos detalhadamente as principais metr\u00f3poles do pa\u00eds, com uma \u00eanfase particular na Grande S\u00e3o Paulo.<\/p>\n<p>Utilizamos m\u00e9tododologia t\u00e9cnicas para analisar a capacidade de adensamento e estudamos minuciosamente a micro-regi\u00e3o de interesse, avaliando as perspectivas de valoriza\u00e7\u00e3o imobili\u00e1ria. Investigamos a viabilidade econ\u00f4mico-financeira e verificamos os aspectos jur\u00eddicos, construtivos, legais e t\u00e9cnicos que possam impactar o projeto, tanto positiva quanto negativamente. Nosso objetivo \u00e9 encontrar solu\u00e7\u00f5es adequadas e que melhor se ajustem ao empreendimento pretendido.<\/p>\n<p>Tamb\u00e9m realizamos estudos detalhados sobre o perfil socioecon\u00f4mico, a demanda local, as tend\u00eancias de mercado, precifica\u00e7\u00e3o, negocia\u00e7\u00e3o, formaliza\u00e7\u00e3o e intermedia\u00e7\u00e3o. Cada projeto \u00e9 tratado como \u00fanico, explorando ao m\u00e1ximo todas as possibilidades para garantir seu sucesso.<\/p>\n<p>Nosso objetivo \u00e9 desenvolver empreendimentos com alto potencial de rentabilidade e liquidez, atendendo \u00e0 demanda do mercado de maneira eficiente e eficaz. Na Frarom, buscamos sempre maximizar o valor dos projetos, garantindo a satisfa\u00e7\u00e3o e o sucesso de nossos clientes.<\/p>\n<\/div><\/div><\/div>[\/vc_column][vc_column width=&#8221;1\/2&#8243; offset=&#8221;vc_hidden-sm vc_hidden-xs&#8221;]<div id=\"cz_15889\" class=\"cz_15889 cz_image clr cz_image_no_fx center_on_mobile\"><div class=\"cz_svg_bg\" ><div class=\"cz_image_in\" data-tilt><div class=\"cz_main_image\"><img decoding=\"async\" width=\"600\" height=\"500\" src=\"data:image\/svg+xml,%3Csvg%20xmlns%3D&#39;http%3A%2F%2Fwww.w3.org%2F2000%2Fsvg&#39;%20width=&#39;600&#39;%20height=&#39;500&#39;%20viewBox%3D&#39;0%200%20600%20500&#39;%2F%3E\" data-czlz data-src=\"https:\/\/negojunior.com.br\/box\/frarom_ZPMDk3L0Yv\/wp-content\/uploads\/2021\/11\/img4.jpg\" class=\"attachment-full\" alt=\"\" title=\"img4\" data-srcset=\"https:\/\/negojunior.com.br\/box\/frarom_ZPMDk3L0Yv\/wp-content\/uploads\/2021\/11\/img4.jpg 600w, https:\/\/negojunior.com.br\/box\/frarom_ZPMDk3L0Yv\/wp-content\/uploads\/2021\/11\/img4-300x250.jpg 300w\" data-sizes=\"(max-width: 600px) 100vw, 600px\" \/><\/div><\/div><\/div><\/div><div class=\"cz_gap clr  hide_on_tablet hide_on_mobile\" style=\"height: 60px\"><\/div><div class=\"cz_gap show_on_tablet clr  show_only_tablet\" style=\"height: 30px\"><\/div><div class=\"cz_gap show_on_mobile clr\" style=\"height: 30px\"><\/div><ul id=\"cz_24851\" class=\"cz_24851 cz_stylish_list clr cz_sl_icon_hover_zoom_in\"><li class=\"clr\"><div class=\"cz_sl_icon\"><i class=\"fa czico-074-tick-inside-circle mr10\" ><\/i><\/div><div><span>Premissa<small>Melhorar a performance de rendimento do im\u00f3vel<\/small><\/span><\/div><\/li><li class=\"clr\"><div class=\"cz_sl_icon\"><i class=\"fa czico-074-tick-inside-circle mr10\" ><\/i><\/div><div><span>Inova\u00e7\u00e3o<small>Criar novos tipos de cen\u00e1rios alternativos para voca\u00e7\u00e3o e ocupa\u00e7\u00e3o do im\u00f3vel<\/small><\/span><\/div><\/li><li class=\"clr\"><div class=\"cz_sl_icon\"><i class=\"fa czico-074-tick-inside-circle mr10\" ><\/i><\/div><div><span>Seguran\u00e7a<small>Oferecer apoio e seguran\u00e7a \u00e0 decis\u00e3o em investimento imobili\u00e1rio<\/small><\/span><\/div><\/li><li class=\"clr\"><div class=\"cz_sl_icon\"><i class=\"fa czico-074-tick-inside-circle mr10\" ><\/i><\/div><div><span>Indicadores<small>Analisar os indicadores e resultados antecipando poss\u00edveis riscos do ativo<\/small><\/span><\/div><\/li><li class=\"clr\"><div class=\"cz_sl_icon\"><i class=\"fa czico-074-tick-inside-circle mr10\" ><\/i><\/div><div><span>Valores<small>Estarmos na vanguarda dos conhecimentos<\/small><\/span><\/div><\/li><li class=\"clr\"><div class=\"cz_sl_icon\"><i class=\"fa czico-074-tick-inside-circle mr10\" ><\/i><\/div><div><span>Entrega<small>Servi\u00e7os entregues com excel\u00eancia<\/small><\/span><\/div><\/li><li class=\"clr\"><div class=\"cz_sl_icon\"><i class=\"fa czico-074-tick-inside-circle mr10\" ><\/i><\/div><div><span>Reputa\u00e7\u00e3o<small>Realizar neg\u00f3cios com \u00e9tica e transpar\u00eancia<\/small><\/span><\/div><\/li><li class=\"clr\"><div class=\"cz_sl_icon\"><i class=\"fa czico-074-tick-inside-circle mr10\" ><\/i><\/div><div><span>Meta principal<small>Garantir total comprometimento para nosso cliente<\/small><\/span><\/div><\/li><\/ul>[\/vc_column][\/vc_row][vc_row][vc_column]<div class=\"cz_gap clr  hide_on_tablet hide_on_mobile\" style=\"height: 140px\"><\/div><div class=\"cz_gap show_on_tablet clr  show_only_tablet\" style=\"height: 80px\"><\/div><div class=\"cz_gap show_on_mobile clr\" style=\"height: 80px\"><\/div>[\/vc_column][\/vc_row][vc_row][vc_column]<div class=\"cz_gap clr  hide_on_tablet hide_on_mobile\" style=\"height: 140px\"><\/div><div class=\"cz_gap show_on_tablet clr  show_only_tablet\" style=\"height: 80px\"><\/div><div class=\"cz_gap show_on_mobile clr\" style=\"height: 80px\"><\/div>[\/vc_column][\/vc_row][vc_row full_width=&#8221;stretch_row&#8221; css=&#8221;.vc_custom_1635756438829{background-color: #111111 !important;}&#8221;][vc_column width=&#8221;1\/2&#8243;]<div id=\"cz_102618\" class=\"cz_102618 cz_image clr cz_image_no_fx center_on_mobile\"><div class=\"cz_svg_bg\" ><div class=\"cz_image_in\"><div class=\"cz_main_image\"><img decoding=\"async\" width=\"1080\" height=\"1080\" src=\"data:image\/svg+xml,%3Csvg%20xmlns%3D&#39;http%3A%2F%2Fwww.w3.org%2F2000%2Fsvg&#39;%20width=&#39;1080&#39;%20height=&#39;1080&#39;%20viewBox%3D&#39;0%200%201080%201080&#39;%2F%3E\" data-czlz data-src=\"https:\/\/negojunior.com.br\/box\/frarom_ZPMDk3L0Yv\/wp-content\/uploads\/2025\/01\/WhatsApp-Image-2025-01-27-at-19.51.jpg\" class=\"attachment-full\" alt=\"\" title=\"WhatsApp-Image-2025-01-27-at-19.51\" data-srcset=\"https:\/\/negojunior.com.br\/box\/frarom_ZPMDk3L0Yv\/wp-content\/uploads\/2025\/01\/WhatsApp-Image-2025-01-27-at-19.51.jpg 1080w, https:\/\/negojunior.com.br\/box\/frarom_ZPMDk3L0Yv\/wp-content\/uploads\/2025\/01\/WhatsApp-Image-2025-01-27-at-19.51-300x300.jpg 300w, https:\/\/negojunior.com.br\/box\/frarom_ZPMDk3L0Yv\/wp-content\/uploads\/2025\/01\/WhatsApp-Image-2025-01-27-at-19.51-1024x1024.jpg 1024w, https:\/\/negojunior.com.br\/box\/frarom_ZPMDk3L0Yv\/wp-content\/uploads\/2025\/01\/WhatsApp-Image-2025-01-27-at-19.51-150x150.jpg 150w, https:\/\/negojunior.com.br\/box\/frarom_ZPMDk3L0Yv\/wp-content\/uploads\/2025\/01\/WhatsApp-Image-2025-01-27-at-19.51-768x768.jpg 768w, https:\/\/negojunior.com.br\/box\/frarom_ZPMDk3L0Yv\/wp-content\/uploads\/2025\/01\/WhatsApp-Image-2025-01-27-at-19.51-600x600.jpg 600w\" data-sizes=\"(max-width: 1080px) 100vw, 1080px\" \/><\/div><\/div><\/div><\/div>[\/vc_column][vc_column width=&#8221;1\/2&#8243;]<div id=\"cz_42090\" class=\"cz_42090 slick arrows_bl no_dots\" data-slick='{\"selector\":\"\",\"slidesToShow\":1,\"slidesToScroll\":1,\"rows\":1,\"fade\":false,\"vertical\":false,\"verticalSwiping\":false,\"infinite\":false,\"speed\":1000,\"swipeToSlide\":true,\"centerMode\":false,\"centerPadding\":\"\",\"variableWidth\":false,\"autoplay\":false,\"autoplaySpeed\":4000,\"dots\":true,\"counts\":false,\"adaptiveHeight\":false,\"responsive\":[{\"breakpoint\":769,\"settings\":{\"slidesToShow\":1,\"slidesToScroll\":1,\"infinite\":true,\"touchMove\":true}},{\"breakpoint\":481,\"settings\":{\"slidesToShow\":1,\"slidesToScroll\":1,\"infinite\":true,\"touchMove\":true}}]}' data-slick-prev=\"fa czico-long-left-arrow\" data-slick-next=\"fa czico-long-right-arrow\"><div class=\"cz_eqh cz_content_box_parent_fx  \"><div id=\"cz_17394\" class=\"cz_17394 cz_content_box clr\"><div class=\"cz_box_front clr\"><div class=\"cz_box_front_inner clr \"><span><\/span><div><div id=\"cz_109763\" class=\"cz_109763 cz_title clr cz_mobile_text_center cz_title_pos_inline\"><div class=\"cz_title_content\"><div class=\"cz_wpe_content\"><p><span style=\"color: #ff0f00;\">STRATEGIC DIRECTOR<\/span><\/p>\n<h2><span style=\"color: #ffffff;\">Jo\u00e3o Collino<\/span><\/h2>\n<\/div><\/div><\/div><div id=\"cz_71648\" class=\"cz_71648 cz_title clr cz_mobile_text_center cz_title_pos_inline\"><div class=\"cz_title_content\"><div class=\"cz_wpe_content\"><p><span style=\"color: #aaaaaa;\">Jo\u00e3o Collino \u00e9 um renomado Diretor Estrat\u00e9gico com uma carreira s\u00f3lida e diversificada, marcada por sua expertise no mercado imobili\u00e1rio desde produtos HIS (Minha Casa, Minha Vida) at\u00e9 empreendimentos de alto padr\u00e3o e corporativos. Nascido e criado em S\u00e3o Paulo, ele formou-se em Engenharia pelo Instituto Mau\u00e1 de Tecnologia e posteriormente obteve um MBA em Neg\u00f3cios Estrat\u00e9gicos pela Funda\u00e7\u00e3o Get\u00falio Vargas, o que lhe proporcionou uma base s\u00f3lida para sua trajet\u00f3ria profissional.<\/span><\/p>\n<\/div><\/div><\/div><\/div><\/div><\/div><\/div><\/div><div class=\"cz_eqh cz_content_box_parent_fx  \"><div id=\"cz_20102\" class=\"cz_20102 cz_content_box clr\"><div class=\"cz_box_front clr\"><div class=\"cz_box_front_inner clr \"><span><\/span><div><div id=\"cz_49466\" class=\"cz_49466 cz_title clr cz_mobile_text_center cz_title_pos_inline\"><div class=\"cz_title_content\"><div class=\"cz_wpe_content\"><p><span style=\"color: #ff0f00;\">STRATEGIC DIRECTOR<\/span><\/p>\n<h2><span style=\"color: #ffffff;\">Jo\u00e3o Collino<\/span><\/h2>\n<\/div><\/div><\/div><div id=\"cz_68691\" class=\"cz_68691 cz_title clr cz_mobile_text_center cz_title_pos_inline\"><div class=\"cz_title_content\"><div class=\"cz_wpe_content\"><p><span style=\"color: #aaaaaa;\">Iniciou sua carreira na Givaudan, a maior empresa global de cria\u00e7\u00f5es arom\u00e1ticas, onde trabalhou por mais de uma d\u00e9cada, desenvolvendo o mercado brasileiro, negociando materiais primas para cria\u00e7\u00e3o de novas fragr\u00e2ncias e sabores. Essa experi\u00eancia o ensinou a import\u00e2ncia de ter um profundo conhecimento do mercado e das necessidades dos clientes.<\/span><\/p>\n<\/div><\/div><\/div><\/div><\/div><\/div><\/div><\/div><div class=\"cz_eqh cz_content_box_parent_fx  \"><div id=\"cz_60493\" class=\"cz_60493 cz_content_box clr\"><div class=\"cz_box_front clr\"><div class=\"cz_box_front_inner clr \"><span><\/span><div><div id=\"cz_84057\" class=\"cz_84057 cz_title clr cz_mobile_text_center cz_title_pos_inline\"><div class=\"cz_title_content\"><div class=\"cz_wpe_content\"><p><span style=\"color: #ff0f00;\">STRATEGIC DIRECTOR<\/span><\/p>\n<h2><span style=\"color: #ffffff;\">Jo\u00e3o Collino<\/span><\/h2>\n<\/div><\/div><\/div><div id=\"cz_15646\" class=\"cz_15646 cz_title clr cz_mobile_text_center cz_title_pos_inline\"><div class=\"cz_title_content\"><div class=\"cz_wpe_content\"><p><span style=\"color: #aaaaaa;\">Em 2013, Jo\u00e3o decidiu direcionar sua carreira para o setor imobili\u00e1rio, unindo sua experi\u00eancia em negocia\u00e7\u00f5es internacionais e consultoria de gest\u00e3o. Como Diretor Estrat\u00e9gico na Frarom Engenharia, ele se especializou em ajudar empresas de constru\u00e7\u00e3o, bancos e investidores a localizar terrenos para novos projetos. Sua abordagem focada e capacidade de entender as metas de seus clientes resultaram em solu\u00e7\u00f5es eficazes na consolida\u00e7\u00e3o de relacionamentos de confian\u00e7a.<\/span><\/p>\n<\/div><\/div><\/div><\/div><\/div><\/div><\/div><\/div><div class=\"cz_eqh cz_content_box_parent_fx  \"><div id=\"cz_60493\" class=\"cz_60493 cz_content_box clr\"><div class=\"cz_box_front clr\"><div class=\"cz_box_front_inner clr \"><span><\/span><div><div id=\"cz_90093\" class=\"cz_90093 cz_title clr cz_mobile_text_center cz_title_pos_inline\"><div class=\"cz_title_content\"><div class=\"cz_wpe_content\"><p><span style=\"color: #ff0f00;\">STRATEGIC DIRECTOR<\/span><\/p>\n<h2><span style=\"color: #ffffff;\">Jo\u00e3o Collino<\/span><\/h2>\n<\/div><\/div><\/div><div id=\"cz_27515\" class=\"cz_27515 cz_title clr cz_mobile_text_center cz_title_pos_inline\"><div class=\"cz_title_content\"><div class=\"cz_wpe_content\"><p><span style=\"color: #aaaaaa;\">Jo\u00e3o \u00e9 reconhecido por sua credibilidade em trabalhar com lote \u00fanico ou forma\u00e7\u00f5es, sempre buscando a viabilidade e o sucesso de cada projeto. Sua trajet\u00f3ria \u00e9 marcada por um crescimento s\u00f3lido e cont\u00ednuo, refletindo seu compromisso com a excel\u00eancia e a satisfa\u00e7\u00e3o do cliente no competitivo mercado imobili\u00e1rio.<\/span><\/p>\n<\/div><\/div><\/div><\/div><\/div><\/div><\/div><\/div><\/div><div><\/div>[\/vc_column][\/vc_row][vc_row][vc_column]<div class=\"cz_gap clr  hide_on_tablet hide_on_mobile\" style=\"height: 140px\"><\/div><div class=\"cz_gap show_on_tablet clr  show_only_tablet\" style=\"height: 80px\"><\/div><div class=\"cz_gap show_on_mobile clr\" style=\"height: 80px\"><\/div>[\/vc_column][\/vc_row][vc_row][vc_column]<div class=\"cz_gap clr  hide_on_tablet hide_on_mobile\" style=\"height: 140px\"><\/div><div class=\"cz_gap show_on_tablet clr  show_only_tablet\" style=\"height: 80px\"><\/div><div class=\"cz_gap show_on_mobile clr\" style=\"height: 80px\"><\/div>[\/vc_column][\/vc_row][vc_row full_width=&#8221;stretch_row&#8221; css=&#8221;.vc_custom_1635756438829{background-color: #111111 !important;}&#8221;][vc_column width=&#8221;1\/2&#8243;]<div id=\"cz_42090\" class=\"cz_42090 slick arrows_bl no_dots\" data-slick='{\"selector\":\"\",\"slidesToShow\":1,\"slidesToScroll\":1,\"rows\":1,\"fade\":false,\"vertical\":false,\"verticalSwiping\":false,\"infinite\":false,\"speed\":1000,\"swipeToSlide\":true,\"centerMode\":false,\"centerPadding\":\"\",\"variableWidth\":false,\"autoplay\":false,\"autoplaySpeed\":4000,\"dots\":true,\"counts\":false,\"adaptiveHeight\":false,\"responsive\":[{\"breakpoint\":769,\"settings\":{\"slidesToShow\":1,\"slidesToScroll\":1,\"infinite\":true,\"touchMove\":true}},{\"breakpoint\":481,\"settings\":{\"slidesToShow\":1,\"slidesToScroll\":1,\"infinite\":true,\"touchMove\":true}}]}' data-slick-prev=\"fa czico-long-left-arrow\" data-slick-next=\"fa czico-long-right-arrow\"><div class=\"cz_eqh cz_content_box_parent_fx  \"><div id=\"cz_17394\" class=\"cz_17394 cz_content_box clr\"><div class=\"cz_box_front clr\"><div class=\"cz_box_front_inner clr \"><span><\/span><div><div id=\"cz_74080\" class=\"cz_74080 cz_title clr cz_mobile_text_center cz_title_pos_inline\"><div class=\"cz_title_content\"><div class=\"cz_wpe_content\"><p><span style=\"color: #ff0f00;\">STRATEGIC DIRECTOR<\/span><\/p>\n<h2><span style=\"color: #ffffff;\">Rodrigo Joaquim Martins<\/span><\/h2>\n<\/div><\/div><\/div><div id=\"cz_104149\" class=\"cz_104149 cz_title clr cz_mobile_text_center cz_title_pos_inline\"><div class=\"cz_title_content\"><div class=\"cz_wpe_content\"><p><span style=\"color: #aaaaaa;\">A factory, manufacturing plant or a production plant is an industrial site, usually a complex consisting of several buildings filled with machinery, where workers manufacture items or operate machines which process each item into another.<\/span><\/p>\n<\/div><\/div><\/div><\/div><\/div><\/div><\/div><\/div><div class=\"cz_eqh cz_content_box_parent_fx  \"><div id=\"cz_20102\" class=\"cz_20102 cz_content_box clr\"><div class=\"cz_box_front clr\"><div class=\"cz_box_front_inner clr \"><span><\/span><div><div id=\"cz_13836\" class=\"cz_13836 cz_title clr cz_mobile_text_center cz_title_pos_inline\"><div class=\"cz_title_content\"><div class=\"cz_wpe_content\"><p><span style=\"color: #ff0f00;\">Our Missions<\/span><\/p>\n<h2><span style=\"color: #ffffff;\">Missions of Xtra<br \/>\n<\/span><\/h2>\n<\/div><\/div><\/div><div id=\"cz_55689\" class=\"cz_55689 cz_title clr cz_mobile_text_center cz_title_pos_inline\"><div class=\"cz_title_content\"><div class=\"cz_wpe_content\"><p><span style=\"color: #aaaaaa;\">A factory, manufacturing plant or a production plant is an industrial site, usually a complex consisting of several buildings filled with machinery, where workers manufacture items or operate machines which process each item into another.<\/span><\/p>\n<\/div><\/div><\/div><\/div><\/div><\/div><\/div><\/div><div class=\"cz_eqh cz_content_box_parent_fx  \"><div id=\"cz_60493\" class=\"cz_60493 cz_content_box clr\"><div class=\"cz_box_front clr\"><div class=\"cz_box_front_inner clr \"><span><\/span><div><div id=\"cz_65951\" class=\"cz_65951 cz_title clr cz_mobile_text_center cz_title_pos_inline\"><div class=\"cz_title_content\"><div class=\"cz_wpe_content\"><p><span style=\"color: #ff0f00;\">Our Visions<\/span><\/p>\n<h2><span style=\"color: #ffffff;\">Xtra Factory Visions<br \/>\n<\/span><\/h2>\n<\/div><\/div><\/div><div id=\"cz_30463\" class=\"cz_30463 cz_title clr cz_mobile_text_center cz_title_pos_inline\"><div class=\"cz_title_content\"><div class=\"cz_wpe_content\"><p><span style=\"color: #aaaaaa;\">A factory, manufacturing plant or a production plant is an industrial site, usually a complex consisting of several buildings filled with machinery, where workers manufacture items or operate machines which process each item into another.<\/span><\/p>\n<\/div><\/div><\/div><\/div><\/div><\/div><\/div><\/div><\/div><div><\/div>[\/vc_column][vc_column width=&#8221;1\/2&#8243;]<div id=\"cz_38204\" class=\"cz_38204 cz_image clr cz_image_no_fx center_on_mobile\"><div class=\"cz_svg_bg\" ><div class=\"cz_image_in\"><div class=\"cz_main_image\"><img decoding=\"async\" width=\"1080\" height=\"1080\" src=\"data:image\/svg+xml,%3Csvg%20xmlns%3D&#39;http%3A%2F%2Fwww.w3.org%2F2000%2Fsvg&#39;%20width=&#39;1080&#39;%20height=&#39;1080&#39;%20viewBox%3D&#39;0%200%201080%201080&#39;%2F%3E\" data-czlz data-src=\"https:\/\/negojunior.com.br\/box\/frarom_ZPMDk3L0Yv\/wp-content\/uploads\/2025\/02\/WhatsApp-Image-2025-02-04-at-20.05.jpg\" class=\"attachment-full\" alt=\"\" title=\"WhatsApp-Image-2025-02-04-at-20.05\" data-srcset=\"https:\/\/negojunior.com.br\/box\/frarom_ZPMDk3L0Yv\/wp-content\/uploads\/2025\/02\/WhatsApp-Image-2025-02-04-at-20.05.jpg 1080w, https:\/\/negojunior.com.br\/box\/frarom_ZPMDk3L0Yv\/wp-content\/uploads\/2025\/02\/WhatsApp-Image-2025-02-04-at-20.05-300x300.jpg 300w, https:\/\/negojunior.com.br\/box\/frarom_ZPMDk3L0Yv\/wp-content\/uploads\/2025\/02\/WhatsApp-Image-2025-02-04-at-20.05-1024x1024.jpg 1024w, https:\/\/negojunior.com.br\/box\/frarom_ZPMDk3L0Yv\/wp-content\/uploads\/2025\/02\/WhatsApp-Image-2025-02-04-at-20.05-150x150.jpg 150w, https:\/\/negojunior.com.br\/box\/frarom_ZPMDk3L0Yv\/wp-content\/uploads\/2025\/02\/WhatsApp-Image-2025-02-04-at-20.05-768x768.jpg 768w, https:\/\/negojunior.com.br\/box\/frarom_ZPMDk3L0Yv\/wp-content\/uploads\/2025\/02\/WhatsApp-Image-2025-02-04-at-20.05-600x600.jpg 600w\" data-sizes=\"(max-width: 1080px) 100vw, 1080px\" \/><\/div><\/div><\/div><\/div>[\/vc_column][\/vc_row][vc_row][vc_column]<div class=\"cz_gap clr  hide_on_mobile\" style=\"height: 110px\"><\/div><div class=\"cz_gap show_on_mobile clr\" style=\"height: 80px\"><\/div>[\/vc_column][\/vc_row]<\/p>\n<\/div>","protected":false},"excerpt":{"rendered":"<p>[vc_row full_width=&#8221;stretch_row&#8221;][vc_column width=&#8221;1\/2&#8243;][\/vc_column][vc_column width=&#8221;1\/2&#8243; offset=&#8221;vc_hidden-sm vc_hidden-xs&#8221;][\/vc_column][\/vc_row][vc_row][vc_column][\/vc_column][\/vc_row][vc_row][vc_column][\/vc_column][\/vc_row][vc_row full_width=&#8221;stretch_row&#8221; css=&#8221;.vc_custom_1635756438829{background-color: #111111 !important;}&#8221;][vc_column width=&#8221;1\/2&#8243;][\/vc_column][vc_column &#8230; <\/p>\n","protected":false},"author":1,"featured_media":0,"parent":0,"menu_order":0,"comment_status":"closed","ping_status":"closed","template":"","meta":{"footnotes":""},"class_list":["post-1588","page","type-page","status-publish","hentry"],"_links":{"self":[{"href":"https:\/\/negojunior.com.br\/box\/frarom_ZPMDk3L0Yv\/wp-json\/wp\/v2\/pages\/1588","targetHints":{"allow":["GET"]}}],"collection":[{"href":"https:\/\/negojunior.com.br\/box\/frarom_ZPMDk3L0Yv\/wp-json\/wp\/v2\/pages"}],"about":[{"href":"https:\/\/negojunior.com.br\/box\/frarom_ZPMDk3L0Yv\/wp-json\/wp\/v2\/types\/page"}],"author":[{"embeddable":true,"href":"https:\/\/negojunior.com.br\/box\/frarom_ZPMDk3L0Yv\/wp-json\/wp\/v2\/users\/1"}],"replies":[{"embeddable":true,"href":"https:\/\/negojunior.com.br\/box\/frarom_ZPMDk3L0Yv\/wp-json\/wp\/v2\/comments?post=1588"}],"version-history":[{"count":26,"href":"https:\/\/negojunior.com.br\/box\/frarom_ZPMDk3L0Yv\/wp-json\/wp\/v2\/pages\/1588\/revisions"}],"predecessor-version":[{"id":1837,"href":"https:\/\/negojunior.com.br\/box\/frarom_ZPMDk3L0Yv\/wp-json\/wp\/v2\/pages\/1588\/revisions\/1837"}],"wp:attachment":[{"href":"https:\/\/negojunior.com.br\/box\/frarom_ZPMDk3L0Yv\/wp-json\/wp\/v2\/media?parent=1588"}],"curies":[{"name":"wp","href":"https:\/\/api.w.org\/{rel}","templated":true}]}}