{"id":11,"date":"2024-06-29T11:12:41","date_gmt":"2024-06-29T11:12:41","guid":{"rendered":"http:\/\/xtratheme.com\/default\/?page_id=11"},"modified":"2025-02-07T17:23:04","modified_gmt":"2025-02-07T20:23:04","slug":"gama-de-servicos","status":"publish","type":"page","link":"https:\/\/negojunior.com.br\/box\/frarom_ZPMDk3L0Yv\/gama-de-servicos\/","title":{"rendered":"Gama de servi\u00e7os"},"content":{"rendered":"<div class=\"wpb-content-wrapper\"><p>[vc_row][vc_column]<div id=\"cz_26135\" class=\"cz_26135 cz_title clr cz_title_pos_inline tac\"><div class=\"cz_title_content\"><div class=\"cz_wpe_content\"><p style=\"text-align: center;\"><span style=\"color: #ff0f00;\">GAMA DE SERVI\u00c7OS<\/span><\/p>\n<h2 style=\"text-align: center;\">Afinal, o que n\u00f3s fazemos?<\/h2>\n<p>Oferecemos uma ampla gama de servi\u00e7os para atender todas as necessidades do setor imobili\u00e1rio. Nossas especialidades incluem:<\/p>\n<\/div><\/div><\/div><div class=\"cz_gap clr  hide_on_mobile\" style=\"height: 60px\"><\/div><div class=\"cz_gap show_on_mobile clr\" style=\"height: 20px\"><\/div>[\/vc_column][\/vc_row][vc_row][vc_column offset=&#8221;vc_col-md-4&#8243;]<div id=\"cz_50074\" class=\"cz_50074 services clr style1 cz_sbi_fx_0 services_b\"><div class=\"service_custom\"><i class=\"fa czico-082-maps-and-flags\"><\/i><\/div><div class=\"service_text\"><h3>Negocia\u00e7\u00e3o de Terrenos<\/h3><div class=\"cz_wpe_content\">Facilitamos a venda e compras de terrenos, identificando as melhores oportunidades, conectando compradores e vendedores.<\/div><\/div><\/div><div class=\"cz_gap clr  hide_on_mobile\" style=\"height: 50px\"><\/div><div class=\"cz_gap show_on_mobile clr\" style=\"height: 20px\"><\/div>[\/vc_column][vc_column offset=&#8221;vc_col-md-4&#8243;]<div id=\"cz_24239\" class=\"cz_24239 services clr style1 cz_sbi_fx_0 services_b\"><div class=\"service_custom\"><i class=\"fa czico-109-link-symbol-1\"><\/i><\/div><div class=\"service_text\"><h3>Forma\u00e7\u00e3o de \u00c1rea<\/h3><div class=\"cz_wpe_content\">Estruturamos e consolidamos \u00e1reas para grandes projetos imobili\u00e1rios, garantindo a otimiza\u00e7\u00e3o do espa\u00e7o e o melhor uso poss\u00edvel do terreno.<\/div><\/div><\/div><div class=\"cz_gap clr  hide_on_mobile\" style=\"height: 50px\"><\/div><div class=\"cz_gap show_on_mobile clr\" style=\"height: 20px\"><\/div>[\/vc_column][vc_column offset=&#8221;vc_col-md-4&#8243;]<div id=\"cz_42336\" class=\"cz_42336 services clr style1 cz_sbi_fx_0 services_b\"><div class=\"service_custom\"><i class=\"fas fa-money-bill-transfer\"><\/i><\/div><div class=\"service_text\"><h3>Desmobiliza\u00e7\u00e3o de Ativos<\/h3><div class=\"cz_wpe_content\">Ajudamos na venda e redistribui\u00e7\u00e3o de ativos imobili\u00e1rios, liberando capital para novos investimentos.<\/div><\/div><\/div><div class=\"cz_gap clr  hide_on_mobile\" style=\"height: 60px\"><\/div><div class=\"cz_gap show_on_mobile clr\" style=\"height: 20px\"><\/div>[\/vc_column][\/vc_row][vc_row][vc_column offset=&#8221;vc_col-md-4&#8243;]<div id=\"cz_83214\" class=\"cz_83214 services clr style1 cz_sbi_fx_0 services_b\"><div class=\"service_custom\"><i class=\"fas fa-handshake\"><\/i><\/div><div class=\"service_text\"><h3>Assessoria Imobili\u00e1ria<\/h3><div class=\"cz_wpe_content\">Oferecemos consultoria especializada para todas as fases do desenvolvimento imobili\u00e1rio, desde a an\u00e1lise inicial at\u00e9 a finaliza\u00e7\u00e3o do projeto.<\/div><\/div><\/div><div class=\"cz_gap clr  hide_on_mobile\" style=\"height: 50px\"><\/div><div class=\"cz_gap show_on_mobile clr\" style=\"height: 20px\"><\/div>[\/vc_column][vc_column offset=&#8221;vc_col-md-4&#8243;]<div id=\"cz_80230\" class=\"cz_80230 services clr style1 cz_sbi_fx_0 services_b\"><div class=\"service_custom\"><i class=\"fas fa-building-columns\"><\/i><\/div><div class=\"service_text\"><h3>Potencializa\u00e7\u00e3o Patrimonial<\/h3><div class=\"cz_wpe_content\">Trabalhamos para aumentar o valor dos ativos imobili\u00e1rios de nossos clientes por meio de estrat\u00e9gias eficazes.<\/div><\/div><\/div><div class=\"cz_gap clr  hide_on_mobile\" style=\"height: 50px\"><\/div><div class=\"cz_gap show_on_mobile clr\" style=\"height: 20px\"><\/div>[\/vc_column][vc_column offset=&#8221;vc_col-md-4&#8243;]<div id=\"cz_32456\" class=\"cz_32456 services clr style1 cz_sbi_fx_0 services_b\"><div class=\"service_custom\"><i class=\"fas fa-warehouse\"><\/i><\/div><div class=\"service_text\"><h3>Centros Log\u00edsticos e de Distribui\u00e7\u00e3o (CD)<\/h3><div class=\"cz_wpe_content\">Projetos para desenvolvimento de centros log\u00edsticos e de distribui\u00e7\u00e3o, otimizando a cadeia de suprimentos e a log\u00edstica empresarial.<\/div><\/div><\/div><div class=\"cz_gap clr \" style=\"height: 60px\"><\/div>[\/vc_column][\/vc_row][vc_row][vc_column offset=&#8221;vc_col-md-4&#8243;]<div id=\"cz_36739\" class=\"cz_36739 services clr style1 cz_sbi_fx_0 services_b\"><div class=\"service_custom\"><i class=\"fas fa-cart-flatbed-suitcase\"><\/i><\/div><div class=\"service_text\"><h3>Opera\u00e7\u00f5es Estruturadas Built to Suit<\/h3><div class=\"cz_wpe_content\">Desenvolvemos projetos sob medida para atender \u00e0s necessidades espec\u00edficas de nossos clientes.<\/div><\/div><\/div><div class=\"cz_gap clr  hide_on_mobile\" style=\"height: 50px\"><\/div><div class=\"cz_gap show_on_mobile clr\" style=\"height: 20px\"><\/div>[\/vc_column][vc_column offset=&#8221;vc_col-md-4&#8243;]<div id=\"cz_95174\" class=\"cz_95174 services clr style1 cz_sbi_fx_0 services_b\"><div class=\"service_custom\"><i class=\"fa czico-seller-sm\"><\/i><\/div><div class=\"service_text\"><h3>Selling and Leasing Back<\/h3><div class=\"cz_wpe_content\">Estruturamos opera\u00e7\u00f5es de venda e leaseback, permitindo que nossos clientes liberem capital sem perder o uso dos seus ativos.<\/div><\/div><\/div><div class=\"cz_gap clr  hide_on_mobile\" style=\"height: 50px\"><\/div><div class=\"cz_gap show_on_mobile clr\" style=\"height: 20px\"><\/div>[\/vc_column][vc_column offset=&#8221;vc_col-md-4&#8243;]<div id=\"cz_94894\" class=\"cz_94894 services clr style1 cz_sbi_fx_0 services_b\"><div class=\"service_custom\"><i class=\"fas fa-street-view\"><\/i><\/div><div class=\"service_text\"><h3>Street Mall<\/h3><div class=\"cz_wpe_content\">Projetos para desenvolvimento de centros comerciais, focados em proporcionar uma experi\u00eancia \u00fanica de compra e conviv\u00eancia.<\/div><\/div><\/div><div class=\"cz_gap clr \" style=\"height: 60px\"><\/div>[\/vc_column][\/vc_row][vc_row][vc_column offset=&#8221;vc_col-md-4&#8243;]<div id=\"cz_12147\" class=\"cz_12147 services clr style1 cz_sbi_fx_0 services_b\"><div class=\"service_custom\"><i class=\"fas fa-money-bill-wave\"><\/i><\/div><div class=\"service_text\"><h3>Potencializa\u00e7\u00e3o Financeira<\/h3><div class=\"cz_wpe_content\">Implementamos estrat\u00e9gias para melhorar a sa\u00fade financeira dos projetos imobili\u00e1rios, garantindo retorno sobre o investimento.<\/div><\/div><\/div><div class=\"cz_gap clr  hide_on_mobile\" style=\"height: 50px\"><\/div><div class=\"cz_gap show_on_mobile clr\" style=\"height: 20px\"><\/div>[\/vc_column][vc_column offset=&#8221;vc_col-md-4&#8243;]<div id=\"cz_36549\" class=\"cz_36549 services clr style1 cz_sbi_fx_0 services_b\"><div class=\"service_custom\"><i class=\"fa czico-071-money-3\"><\/i><\/div><div class=\"service_text\"><h3>Maximiza\u00e7\u00e3o de Lucros e Renda<\/h3><div class=\"cz_wpe_content\">Trabalhamos para maximizar os lucros e a renda gerada pelos empreendimentos.<\/div><\/div><\/div><div class=\"cz_gap clr  hide_on_mobile\" style=\"height: 50px\"><\/div><div class=\"cz_gap show_on_mobile clr\" style=\"height: 20px\"><\/div>[\/vc_column][vc_column offset=&#8221;vc_col-md-4&#8243;]<div id=\"cz_49277\" class=\"cz_49277 services clr style1 cz_sbi_fx_0 services_b\"><div class=\"service_custom\"><i class=\"fas fa-building-lock\"><\/i><\/div><div class=\"service_text\"><h3>Opera\u00e7\u00f5es Estruturadas<\/h3><div class=\"cz_wpe_content\">Desenvolvemos solu\u00e7\u00f5es financeiras e estruturadas para viabilizar projetos complexos e de grande porte.<\/div><\/div><\/div><div class=\"cz_gap clr \" style=\"height: 60px\"><\/div>[\/vc_column][\/vc_row][vc_row][vc_column offset=&#8221;vc_col-md-4&#8243;]<div id=\"cz_99097\" class=\"cz_99097 services clr style1 cz_sbi_fx_0 services_b\"><div class=\"service_custom\"><i class=\"fas fa-pen-nib\"><\/i><\/div><div class=\"service_text\"><h3>Pr\u00e9-Estudo de Viabilidade<\/h3><div class=\"cz_wpe_content\">Realizamos estudos de viabilidade preliminares para assegurar a viabilidade t\u00e9cnica, econ\u00f4mica e financeira dos projetos antes de seu in\u00edcio.<\/div><\/div><\/div><div class=\"cz_gap clr  hide_on_mobile\" style=\"height: 50px\"><\/div><div class=\"cz_gap show_on_mobile clr\" style=\"height: 20px\"><\/div>[\/vc_column][vc_column offset=&#8221;vc_col-md-4&#8243;][\/vc_column][vc_column offset=&#8221;vc_col-md-4&#8243;][\/vc_column][\/vc_row][vc_row][vc_column]<div class=\"cz_gap clr  hide_on_mobile\" style=\"height: 50px\"><\/div><div class=\"cz_gap show_on_mobile clr\" style=\"height: 20px\"><\/div><div id=\"cz5109\" class=\"cz5109 slick no_arrows dots_bc dots_square\" data-slick='{\"selector\":\"\",\"slidesToShow\":4,\"slidesToScroll\":1,\"rows\":1,\"fade\":false,\"vertical\":false,\"verticalSwiping\":false,\"infinite\":false,\"speed\":1000,\"swipeToSlide\":true,\"centerMode\":false,\"centerPadding\":\"\",\"variableWidth\":false,\"autoplay\":false,\"autoplaySpeed\":4000,\"dots\":true,\"counts\":false,\"adaptiveHeight\":false,\"responsive\":[{\"breakpoint\":769,\"settings\":{\"slidesToShow\":2,\"slidesToScroll\":1,\"infinite\":true,\"touchMove\":true}},{\"breakpoint\":481,\"settings\":{\"slidesToShow\":1,\"slidesToScroll\":1,\"infinite\":true,\"touchMove\":true}}]}' data-slick-prev=\"fa fa-chevron-left\" data-slick-next=\"fa fa-chevron-right\"><div id=\"cz_20255\" class=\"cz_20255\"><div class=\"cz_grid cz_grid_1 clr cz_grid_carousel cz_grid_1_no_icon cz_grid_1_bot tal cz_grid_overlay_15px\" data-gap=\"40\" data-atts='{\"action\":\"cz_ajax_posts\",\"post_class\":\"cz_grid_item\",\"post__in\":null,\"author__in\":null,\"nonce\":\"005f63d5e7\",\"nonce_id\":\"cz_20255\",\"loadmore_end\":\"Not found more posts\",\"layout\":\"cz_grid_carousel\",\"hover\":\"cz_grid_1_no_icon\",\"image_size\":\"codevz_600_600\",\"subtitles\":\"%5B%7B%22t%22%3A%22cats%22%7D%5D\",\"subtitle_pos\":\"\",\"icon\":\"fa fa-search\",\"el\":\"\",\"title_lenght\":\"\",\"cat_tax\":\"category\",\"cat\":\"\",\"cat_exclude\":\"\",\"tag_tax\":\"post_tag\",\"tag_id\":\"\",\"tag_exclude\":\"\",\"post_type\":\"portfolio\",\"posts_per_page\":\"6\",\"order\":\"DESC\",\"orderby\":\"date\",\"tilt_data\":null,\"svg_sizes\":[\"600\",\"600\"],\"img_fx\":\"\",\"custom_size\":\"\",\"excerpt_rm\":false,\"title_tag\":\"h3\",\"s\":\"\"}'><div class=\"cz_grid_item cz_grid_first\"><\/div><div data-id=\"1853\" class=\"cz_grid_item  cz_posts_list_even 1853 post-1853 portfolio type-portfolio status-publish format-standard has-post-thumbnail hentry\"><div class=\"clr\"><a class=\"cz_grid_link\" href=\"https:\/\/negojunior.com.br\/box\/frarom_ZPMDk3L0Yv\/projects\/pereda-cardon\/\" title=\"Pereda Cardon\"><img decoding=\"async\" width=\"600\" height=\"600\" src=\"data:image\/svg+xml,%3Csvg%20xmlns%3D&#39;http%3A%2F%2Fwww.w3.org%2F2000%2Fsvg&#39;%20width=&#39;600&#39;%20height=&#39;600&#39;%20viewBox%3D&#39;0%200%20600%20600&#39;%2F%3E\" data-czlz data-src=\"https:\/\/negojunior.com.br\/box\/frarom_ZPMDk3L0Yv\/wp-content\/uploads\/2025\/02\/Pereda_Cardon-Home-Club_1-600x600.jpg\" class=\"attachment-codevz_600_600\" alt=\"\" title=\"Pereda_Cardon-Home-Club_1\" data-srcset=\"https:\/\/negojunior.com.br\/box\/frarom_ZPMDk3L0Yv\/wp-content\/uploads\/2025\/02\/Pereda_Cardon-Home-Club_1-600x600.jpg 600w, https:\/\/negojunior.com.br\/box\/frarom_ZPMDk3L0Yv\/wp-content\/uploads\/2025\/02\/Pereda_Cardon-Home-Club_1-150x150.jpg 150w\" data-sizes=\"(max-width: 600px) 100vw, 600px\" \/><div class=\"cz_grid_details\"><i class=\"fa fa-search cz_grid_icon\"><\/i><h3>Pereda Cardon<\/h3><\/div><\/a><\/div><\/div><div data-id=\"1852\" class=\"cz_grid_item  cz_posts_list_odd 1852 post-1852 portfolio type-portfolio status-publish format-standard has-post-thumbnail hentry\"><div class=\"clr\"><a class=\"cz_grid_link\" href=\"https:\/\/negojunior.com.br\/box\/frarom_ZPMDk3L0Yv\/projects\/vibra-cupece\/\" title=\"Vibra Cupec\u00ea\"><img decoding=\"async\" width=\"600\" height=\"600\" src=\"data:image\/svg+xml,%3Csvg%20xmlns%3D&#39;http%3A%2F%2Fwww.w3.org%2F2000%2Fsvg&#39;%20width=&#39;600&#39;%20height=&#39;600&#39;%20viewBox%3D&#39;0%200%20600%20600&#39;%2F%3E\" data-czlz data-src=\"https:\/\/negojunior.com.br\/box\/frarom_ZPMDk3L0Yv\/wp-content\/uploads\/2025\/02\/lazer1-600x600.png\" class=\"attachment-codevz_600_600\" alt=\"\" title=\"lazer1\" data-srcset=\"https:\/\/negojunior.com.br\/box\/frarom_ZPMDk3L0Yv\/wp-content\/uploads\/2025\/02\/lazer1-600x600.png 600w, https:\/\/negojunior.com.br\/box\/frarom_ZPMDk3L0Yv\/wp-content\/uploads\/2025\/02\/lazer1-150x150.png 150w\" data-sizes=\"(max-width: 600px) 100vw, 600px\" \/><div class=\"cz_grid_details\"><i class=\"fa fa-search cz_grid_icon\"><\/i><h3>Vibra Cupec\u00ea<\/h3><\/div><\/a><\/div><\/div><div data-id=\"1851\" class=\"cz_grid_item  cz_posts_list_even 1851 post-1851 portfolio type-portfolio status-publish format-standard has-post-thumbnail hentry\"><div class=\"clr\"><a class=\"cz_grid_link\" href=\"https:\/\/negojunior.com.br\/box\/frarom_ZPMDk3L0Yv\/projects\/eldorado-residencial-butanta\/\" title=\"Eldorado Residencial Butant\u00e3\"><img decoding=\"async\" width=\"600\" height=\"600\" src=\"data:image\/svg+xml,%3Csvg%20xmlns%3D&#39;http%3A%2F%2Fwww.w3.org%2F2000%2Fsvg&#39;%20width=&#39;600&#39;%20height=&#39;600&#39;%20viewBox%3D&#39;0%200%20600%20600&#39;%2F%3E\" data-czlz data-src=\"https:\/\/negojunior.com.br\/box\/frarom_ZPMDk3L0Yv\/wp-content\/uploads\/2025\/02\/lazer1-600x600.png\" class=\"attachment-codevz_600_600\" alt=\"\" title=\"lazer1\" data-srcset=\"https:\/\/negojunior.com.br\/box\/frarom_ZPMDk3L0Yv\/wp-content\/uploads\/2025\/02\/lazer1-600x600.png 600w, https:\/\/negojunior.com.br\/box\/frarom_ZPMDk3L0Yv\/wp-content\/uploads\/2025\/02\/lazer1-150x150.png 150w\" data-sizes=\"(max-width: 600px) 100vw, 600px\" \/><div class=\"cz_grid_details\"><i class=\"fa fa-search cz_grid_icon\"><\/i><h3>Eldorado Residencial Butant\u00e3<\/h3><\/div><\/a><\/div><\/div><div data-id=\"1849\" class=\"cz_grid_item  cz_posts_list_odd 1849 post-1849 portfolio type-portfolio status-publish format-standard has-post-thumbnail hentry\"><div class=\"clr\"><a class=\"cz_grid_link\" href=\"https:\/\/negojunior.com.br\/box\/frarom_ZPMDk3L0Yv\/projects\/vibe-pinheiros\/\" title=\"Vibe Pinheiros\"><img decoding=\"async\" width=\"600\" height=\"600\" src=\"data:image\/svg+xml,%3Csvg%20xmlns%3D&#39;http%3A%2F%2Fwww.w3.org%2F2000%2Fsvg&#39;%20width=&#39;600&#39;%20height=&#39;600&#39;%20viewBox%3D&#39;0%200%20600%20600&#39;%2F%3E\" data-czlz data-src=\"https:\/\/negojunior.com.br\/box\/frarom_ZPMDk3L0Yv\/wp-content\/uploads\/2025\/02\/lazer1-600x600.png\" class=\"attachment-codevz_600_600\" alt=\"\" title=\"lazer1\" data-srcset=\"https:\/\/negojunior.com.br\/box\/frarom_ZPMDk3L0Yv\/wp-content\/uploads\/2025\/02\/lazer1-600x600.png 600w, https:\/\/negojunior.com.br\/box\/frarom_ZPMDk3L0Yv\/wp-content\/uploads\/2025\/02\/lazer1-150x150.png 150w\" data-sizes=\"(max-width: 600px) 100vw, 600px\" \/><div class=\"cz_grid_details\"><i class=\"fa fa-search cz_grid_icon\"><\/i><h3>Vibe Pinheiros<\/h3><\/div><\/a><\/div><\/div><div data-id=\"1847\" class=\"cz_grid_item  cz_posts_list_even 1847 post-1847 portfolio type-portfolio status-publish format-standard has-post-thumbnail hentry\"><div class=\"clr\"><a class=\"cz_grid_link\" href=\"https:\/\/negojunior.com.br\/box\/frarom_ZPMDk3L0Yv\/projects\/viva-benx-vila-mascote\/\" title=\"Viva Benx Vila Mascote\"><img decoding=\"async\" width=\"600\" height=\"600\" src=\"data:image\/svg+xml,%3Csvg%20xmlns%3D&#39;http%3A%2F%2Fwww.w3.org%2F2000%2Fsvg&#39;%20width=&#39;600&#39;%20height=&#39;600&#39;%20viewBox%3D&#39;0%200%20600%20600&#39;%2F%3E\" data-czlz data-src=\"https:\/\/negojunior.com.br\/box\/frarom_ZPMDk3L0Yv\/wp-content\/uploads\/2025\/02\/viva-benx-vila-mascote-18-600x600.jpg\" class=\"attachment-codevz_600_600\" alt=\"\" title=\"viva-benx-vila-mascote-18\" data-srcset=\"https:\/\/negojunior.com.br\/box\/frarom_ZPMDk3L0Yv\/wp-content\/uploads\/2025\/02\/viva-benx-vila-mascote-18-600x600.jpg 600w, https:\/\/negojunior.com.br\/box\/frarom_ZPMDk3L0Yv\/wp-content\/uploads\/2025\/02\/viva-benx-vila-mascote-18-150x150.jpg 150w\" data-sizes=\"(max-width: 600px) 100vw, 600px\" \/><div class=\"cz_grid_details\"><i class=\"fa fa-search cz_grid_icon\"><\/i><h3>Viva Benx Vila Mascote<\/h3><\/div><\/a><\/div><\/div><div data-id=\"1845\" class=\"cz_grid_item  cz_posts_list_odd 1845 post-1845 portfolio type-portfolio status-publish format-standard has-post-thumbnail hentry\"><div class=\"clr\"><a class=\"cz_grid_link\" href=\"https:\/\/negojunior.com.br\/box\/frarom_ZPMDk3L0Yv\/projects\/jardim-lobato\/\" title=\"Jardim Lobato\"><img decoding=\"async\" width=\"600\" height=\"600\" src=\"data:image\/svg+xml,%3Csvg%20xmlns%3D&#39;http%3A%2F%2Fwww.w3.org%2F2000%2Fsvg&#39;%20width=&#39;600&#39;%20height=&#39;600&#39;%20viewBox%3D&#39;0%200%20600%20600&#39;%2F%3E\" data-czlz data-src=\"https:\/\/negojunior.com.br\/box\/frarom_ZPMDk3L0Yv\/wp-content\/uploads\/2025\/02\/galeria_modal_jd_lobato_17-600x600.jpg\" class=\"attachment-codevz_600_600\" alt=\"\" title=\"galeria_modal_jd_lobato_17\" data-srcset=\"https:\/\/negojunior.com.br\/box\/frarom_ZPMDk3L0Yv\/wp-content\/uploads\/2025\/02\/galeria_modal_jd_lobato_17-600x600.jpg 600w, https:\/\/negojunior.com.br\/box\/frarom_ZPMDk3L0Yv\/wp-content\/uploads\/2025\/02\/galeria_modal_jd_lobato_17-150x150.jpg 150w\" data-sizes=\"(max-width: 600px) 100vw, 600px\" \/><div class=\"cz_grid_details\"><i class=\"fa fa-search cz_grid_icon\"><\/i><h3>Jardim Lobato<\/h3><\/div><\/a><\/div><\/div><\/div><\/div><\/div><div data-cz-style='#cz5109 .slick-dots{bottom:-60px;z-index:9}#cz5109 .slick-dots li button{width:40px;height:5px;padding:0px;margin-right:3px;margin-left:3px}#cz5109 .slick-list{margin: 0 -20px;clip-path:inset(0 20px 0 20px)}#cz5109 .slick-slide{margin: 0 20px}@media screen and (max-width:480px){#cz5109 .slick-dots{bottom:-40px}}'><\/div>[\/vc_column][\/vc_row][vc_row][vc_column]<div class=\"cz_gap clr  hide_on_mobile\" style=\"height: 100px\"><\/div><div class=\"cz_gap show_on_mobile clr\" style=\"height: 50px\"><\/div>[\/vc_column][\/vc_row]<\/p>\n<\/div>","protected":false},"excerpt":{"rendered":"<p>[vc_row][vc_column][\/vc_column][\/vc_row][vc_row][vc_column offset=&#8221;vc_col-md-4&#8243;][\/vc_column][vc_column offset=&#8221;vc_col-md-4&#8243;][\/vc_column][vc_column offset=&#8221;vc_col-md-4&#8243;][\/vc_column][\/vc_row][vc_row][vc_column offset=&#8221;vc_col-md-4&#8243;][\/vc_column][vc_column offset=&#8221;vc_col-md-4&#8243;][\/vc_column][vc_column offset=&#8221;vc_col-md-4&#8243;][\/vc_column][\/vc_row][vc_row][vc_column offset=&#8221;vc_col-md-4&#8243;][\/vc_column][vc_column offset=&#8221;vc_col-md-4&#8243;][\/vc_column][vc_column offset=&#8221;vc_col-md-4&#8243;][\/vc_column][\/vc_row][vc_row][vc_column offset=&#8221;vc_col-md-4&#8243;][\/vc_column][vc_column offset=&#8221;vc_col-md-4&#8243;][\/vc_column][vc_column offset=&#8221;vc_col-md-4&#8243;][\/vc_column][\/vc_row][vc_row][vc_column offset=&#8221;vc_col-md-4&#8243;][\/vc_column][vc_column offset=&#8221;vc_col-md-4&#8243;][\/vc_column][vc_column offset=&#8221;vc_col-md-4&#8243;][\/vc_column][\/vc_row][vc_row][vc_column][\/vc_column][\/vc_row][vc_row][vc_column][\/vc_column][\/vc_row] &#8230; <a class=\"cz_readmore\" href=\"https:\/\/negojunior.com.br\/box\/frarom_ZPMDk3L0Yv\/projects\/jardim-lobato\/\"><i class=\"fa fa-angle-right\" aria-hidden=\"true\"><\/i><span>Read More<\/span><\/a><\/p>\n","protected":false},"author":1,"featured_media":0,"parent":0,"menu_order":0,"comment_status":"closed","ping_status":"closed","template":"","meta":{"footnotes":""},"class_list":["post-11","page","type-page","status-publish","hentry"],"_links":{"self":[{"href":"https:\/\/negojunior.com.br\/box\/frarom_ZPMDk3L0Yv\/wp-json\/wp\/v2\/pages\/11","targetHints":{"allow":["GET"]}}],"collection":[{"href":"https:\/\/negojunior.com.br\/box\/frarom_ZPMDk3L0Yv\/wp-json\/wp\/v2\/pages"}],"about":[{"href":"https:\/\/negojunior.com.br\/box\/frarom_ZPMDk3L0Yv\/wp-json\/wp\/v2\/types\/page"}],"author":[{"embeddable":true,"href":"https:\/\/negojunior.com.br\/box\/frarom_ZPMDk3L0Yv\/wp-json\/wp\/v2\/users\/1"}],"replies":[{"embeddable":true,"href":"https:\/\/negojunior.com.br\/box\/frarom_ZPMDk3L0Yv\/wp-json\/wp\/v2\/comments?post=11"}],"version-history":[{"count":22,"href":"https:\/\/negojunior.com.br\/box\/frarom_ZPMDk3L0Yv\/wp-json\/wp\/v2\/pages\/11\/revisions"}],"predecessor-version":[{"id":1838,"href":"https:\/\/negojunior.com.br\/box\/frarom_ZPMDk3L0Yv\/wp-json\/wp\/v2\/pages\/11\/revisions\/1838"}],"wp:attachment":[{"href":"https:\/\/negojunior.com.br\/box\/frarom_ZPMDk3L0Yv\/wp-json\/wp\/v2\/media?parent=11"}],"curies":[{"name":"wp","href":"https:\/\/api.w.org\/{rel}","templated":true}]}}